{"id":8511,"date":"2026-04-10T23:46:49","date_gmt":"2026-04-10T23:46:49","guid":{"rendered":"https:\/\/thirsty-hopper.138-201-195-225.plesk.page\/?page_id=8511"},"modified":"2026-04-11T14:46:36","modified_gmt":"2026-04-11T14:46:36","slug":"blog-scriptorya","status":"publish","type":"page","link":"https:\/\/thirsty-hopper.138-201-195-225.plesk.page\/index.php\/blog-scriptorya\/","title":{"rendered":"Blog"},"content":{"rendered":"\t\t<div data-elementor-type=\"wp-page\" data-elementor-id=\"8511\" class=\"elementor elementor-8511\" data-elementor-post-type=\"page\">\n\t\t\t\t<div class=\"elementor-element elementor-element-a2dcdd0 e-flex e-con-boxed e-con e-parent\" data-id=\"a2dcdd0\" data-element_type=\"container\" data-e-type=\"container\" data-settings=\"{&quot;background_background&quot;:&quot;classic&quot;}\">\n\t\t\t\t\t<div class=\"e-con-inner\">\n\t\t<div class=\"elementor-element elementor-element-d3259db e-con-full e-flex e-con e-child\" data-id=\"d3259db\" data-element_type=\"container\" data-e-type=\"container\">\n\t\t\t\t<div data-custom-animations=\"true\" data-ca-options=\"{&quot;addChildTimelines&quot;:false,&quot;trigger&quot;:&quot;firstChild&quot;,&quot;animationTarget&quot;:&quot;.lqd-split-words .lqd-words .split-inner, .lqd-adv-txt-fig&quot;,&quot;duration&quot;:1000,&quot;startDelay&quot;:200,&quot;delay&quot;:70,&quot;ease&quot;:&quot;expo.out&quot;,&quot;initValues&quot;:{&quot;y&quot;:&quot;120px&quot;,&quot;opacity&quot;:0,&quot;transformOrigin&quot;:&quot;50% 50% 0px&quot;},&quot;animations&quot;:{&quot;y&quot;:&quot;0px&quot;,&quot;opacity&quot;:1,&quot;transformOrigin&quot;:&quot;50% 50% 0px&quot;}}\" class=\"elementor-element elementor-element-9ba1d4e elementor-widget elementor-widget-hub_fancy_heading lqd-el-has-inner-anim\" data-id=\"9ba1d4e\" data-element_type=\"widget\" data-e-type=\"widget\" data-settings=\"{&quot;enable_split&quot;:&quot;true&quot;,&quot;split_type&quot;:&quot;words&quot;}\" data-widget_type=\"hub_fancy_heading.default\">\n\t\t\t\t<div class=\"elementor-widget-container\">\n\t\t\t\t\t\n\t\t<div id=\"ld-fancy-heading-69db881b798ce\" class=\"ld-fancy-heading pos-rel mask-text\">\n\t\t\t<h1 class=\"ld-fh-element d-inline-block pos-rel  elementor-heading-title lqd-highlight-classic lqd-highlight-grow-bottom lqd-highlight-reset-onhover lqd-split-words h1\"  data-inview=\"true\" data-transition-delay=\"true\" data-delay-options=\"{&quot;elements&quot;:&quot;.lqd-highlight-inner&quot;,&quot;delayType&quot;:&quot;transition&quot;}\" data-split-text=\"true\" data-split-options='{\"type\":\"words\"}'> <span class=\"lqd-adv-txt-item elementor-repeater-item-74f1478\">Le blog des auteurs qui \u00e9crivent <figure class=\"lqd-adv-txt-fig pos-rel d-inline-flex\"><img fetchpriority=\"high\" decoding=\"async\" width=\"589\" height=\"589\" src=\"https:\/\/thirsty-hopper.138-201-195-225.plesk.page\/wp-content\/uploads\/2022\/10\/Icone-Scriptorya-Noir.png\" class=\"attachment-full size-full\" alt=\"Icone Scriptorya Noir - logiciel d&#039;\u00e9criture de roman\" \/><\/figure><\/span><span class=\"lqd-adv-txt-item elementor-repeater-item-1e7d0e7\">(vraiment)<\/span><\/h1>\t\t<\/div>\n\n\t\t\t\t\t\t<\/div>\n\t\t\t\t<\/div>\n\t\t\t\t<div data-custom-animations=\"true\" data-ca-options=\"{&quot;addChildTimelines&quot;:false,&quot;trigger&quot;:&quot;firstChild&quot;,&quot;animationTarget&quot;:&quot;.lqd-split-words .lqd-words .split-inner, .lqd-adv-txt-fig&quot;,&quot;duration&quot;:1000,&quot;startDelay&quot;:200,&quot;delay&quot;:70,&quot;ease&quot;:&quot;expo.out&quot;,&quot;initValues&quot;:{&quot;y&quot;:&quot;120px&quot;,&quot;opacity&quot;:0,&quot;transformOrigin&quot;:&quot;50% 50% 0px&quot;},&quot;animations&quot;:{&quot;y&quot;:&quot;0px&quot;,&quot;opacity&quot;:1,&quot;transformOrigin&quot;:&quot;50% 50% 0px&quot;}}\" class=\"elementor-element elementor-element-b7a740b elementor-widget elementor-widget-hub_fancy_heading lqd-el-has-inner-anim\" data-id=\"b7a740b\" data-element_type=\"widget\" data-e-type=\"widget\" data-settings=\"{&quot;enable_split&quot;:&quot;true&quot;,&quot;split_type&quot;:&quot;words&quot;}\" data-widget_type=\"hub_fancy_heading.default\">\n\t\t\t\t<div class=\"elementor-widget-container\">\n\t\t\t\t\t\n\t\t<div id=\"ld-fancy-heading-69db881b7a1dc\" class=\"ld-fancy-heading pos-rel mask-text\">\n\t\t\t<p class=\"ld-fh-element d-inline-block pos-rel  lqd-highlight-classic lqd-highlight-grow-bottom lqd-highlight-reset-onhover lqd-split-words p\"  data-split-text=\"true\" data-split-options='{\"type\":\"words\"}'> M\u00e9thodes, conseils et outils pour structurer ton roman, d\u00e9passer les blocages et aller jusqu'au mot \"Fin\". Par Scriptorya.<\/p>\t\t<\/div>\n\n\t\t\t\t\t\t<\/div>\n\t\t\t\t<\/div>\n\t\t\t\t<\/div>\n\t\t\t\t\t<\/div>\n\t\t\t\t<\/div>\n\t\t<div class=\"elementor-element elementor-element-87d32d2 e-flex e-con-boxed e-con e-parent\" data-id=\"87d32d2\" data-element_type=\"container\" data-e-type=\"container\">\n\t\t\t\t\t<div class=\"e-con-inner\">\n\t\t\t\t<div class=\"elementor-element elementor-element-8993f94 elementor-widget elementor-widget-ld_blog\" data-id=\"8993f94\" data-element_type=\"widget\" data-e-type=\"widget\" data-widget_type=\"ld_blog.default\">\n\t\t\t\t<div class=\"elementor-widget-container\">\n\t\t\t\t\t<div class=\"lqd-lp-grid 8993f94 blog-id-144261012 \">\r\n<div class=\"row\">\r\n\t<div class=\"col-md-12\">\t\t\t\t\t\r\n\t\t<div class=\"liquid-filter-items align-items-center\">\t\r\n\t\t\t<div class=\"liquid-filter-items\">\r\n\t\t\t\t\r\n\t\t\t\t\t\t\t\t\t<span class=\"liquid-filter-items-label   \">Trier par<\/span>\r\n\t\t\t\t\r\n\t\t\t\t<ul class=\"filter-list filter-list-inline       d-flex align-items-center hidden-xs hidden-sm\" id=\"blog-filter-144261012\">\r\n\t\t\t\t\t<li class=\"active\" data-id=\"0\"><span>Tous<\/span><\/li>\r\n\t\t\t\t\t<li data-id=\"15\"><span>Blocages &amp; Motivation<\/span><\/li><li data-id=\"12\"><span>\u00c9crire son roman<\/span><\/li><li data-id=\"16\"><span>Outils &amp; M\u00e9thodes<\/span><\/li><li data-id=\"14\"><span>Personnages<\/span><\/li><li data-id=\"13\"><span>Structure &amp; Intrigue<\/span><\/li><li data-id=\"1\"><span>Uncategorized<\/span><\/li>\t\t\t\t<\/ul>\r\n\r\n\t\t\t\t<div class=\"lqd-filter-dropdown visible-xs visible-sm\" data-form-options='{ \"dropdownAppendTo\": \"self\" }'>\r\n\t\t\t\t\t<select name=\"lqd-filter-dropdown-blog-filter-144261012\" id=\"lqd-filter-dropdown-blog-filter-144261012\">\r\n\t\t\t\t\t\t<option selected data-filter=\"*\" value=\"*\">Tous<\/option>\r\n\t\t\t\t\t\t<option data-filter=\".lqd-f-\" value=\".lqd-f-\">Blocages &amp; Motivation<\/option><option data-filter=\".lqd-f-\" value=\".lqd-f-\">\u00c9crire son roman<\/option><option data-filter=\".lqd-f-\" value=\".lqd-f-\">Outils &amp; M\u00e9thodes<\/option><option data-filter=\".lqd-f-\" value=\".lqd-f-\">Personnages<\/option><option data-filter=\".lqd-f-\" value=\".lqd-f-\">Structure &amp; Intrigue<\/option><option data-filter=\".lqd-f-\" value=\".lqd-f-\">Uncategorized<\/option>\t\t\t\t\t<\/select>\r\n\t\t\t\t<\/div>\r\n\t\t\t\t\t\r\n\t\t\t\t\t\t\t\t\t\r\n\t\t\t\t\t\r\n\t\t\t<\/div>\r\n\t\t<\/div>\r\n\t<\/div>\r\n<\/div><div class=\"lqd-lp-grid-inner\" data-id=\"0\"><div class=\"lqd-lp-row row pos-rel d-flex flex-wrap\"  data-liquid-masonry=\"true\" data-masonry-options=\"{&quot;filtersID&quot;:&quot;#blog-filter-144261012&quot;,&quot;itemSelector&quot;:&quot;.lqd-lp-column&quot;,&quot;layoutMode&quot;:&quot;packery&quot;}\"><div class=\"lqd-lp-column d-flex flex-column col-md-4 col-sm-6 ecrire-son-roman lqd-f-12\"><article id=\"post-8571\" class=\"lqd-lp pos-rel lqd-lp lqd-lp-style-6 lqd-lp-style-6-alt lqd-lp-hover-img-zoom lqd-lp-hover-img-zoom-out lqd-lp-animate-onhover border-radius-4 overflow-hidden text-start post-8571 post type-post status-publish format-standard hentry category-ecrire-son-roman\">\n<div class=\"lqd-lp-img overflow-hidden\">\n\n\t\n\t<div class=\"lqd-lp-meta text-uppercase font-weight-bold pos-rel z-index-3\">\n\t\t<span class=\"screen-reader-text\">Tags <\/span><ul class=\"lqd-lp-cat lqd-lp-cat-shaped lqd-lp-cat-solid reset-ul inline-ul font-weight-bold text-uppercase ltr-sp-1\"><li><a class=\"border-radius-circle\" href=\"https:\/\/thirsty-hopper.138-201-195-225.plesk.page\/index.php\/category\/ecrire-son-roman\/\" rel=\"category\" style=--color-primary:#ffffff>\u00c9crire son roman<\/a><\/li><\/ul>\t<\/div>\n\n<\/div>\n\n<header class=\"lqd-lp-header pt-4 ps-3 pe-3 px-3\">\n\n\t<div class=\"lqd-lp-meta lqd-lp-meta-dot-between d-flex flex-wrap align-items-center\">\n\n\t\t<div class=\"lqd-lp-author pos-rel z-index-3\">\n\t\t\t<div class=\"lqd-lp-author-info\">\n\t\t\t\t<h3 class=\"mt-0 mb-0\"><a href=\"https:\/\/thirsty-hopper.138-201-195-225.plesk.page\/author\/support_bo2tvusi\/\">admin<\/a><\/h3>\n\t\t\t<\/div>\n\t\t<\/div>\n\n\t\t<time class=\"lqd-lp-date\" datetime=\"2026-04-11T08:01:54+00:00\">1 day ago<\/time>\n\t<\/div>\n\n\t<h2 class=\"entry-title lqd-lp-title mt-2 mb-0 h5\"><a  href=\"https:\/\/thirsty-hopper.138-201-195-225.plesk.page\/index.php\/2026\/04\/11\/comment-ecrire-un-roman-la-methode-complete-pour-passer-de-lidee-au-manuscrit\/\" rel=\"bookmark\">Comment \u00e9crire un roman : la m\u00e9thode compl\u00e8te pour passer de l\u2019id\u00e9e au manuscrit<\/a><\/h2>\n<\/header>\n\n\t\t\t<div class=\"lqd-lp-excerpt pt-2 pb-4 ps-3 pe-3 px-3\">\n\t\t\t\t[&hellip;]\t\t\t<\/div>\n\t\t\n<a  href=\"https:\/\/thirsty-hopper.138-201-195-225.plesk.page\/index.php\/2026\/04\/11\/comment-ecrire-un-roman-la-methode-complete-pour-passer-de-lidee-au-manuscrit\/\" class=\"lqd-lp-overlay-link lqd-overlay lqd-cc-label-trigger z-index-2\" tab-index=\"-1\"><\/a><\/article><\/div><div class=\"lqd-lp-column d-flex flex-column col-md-4 col-sm-6 uncategorized lqd-f-1\"><article id=\"post-1\" class=\"lqd-lp pos-rel lqd-lp lqd-lp-style-6 lqd-lp-style-6-alt lqd-lp-hover-img-zoom lqd-lp-hover-img-zoom-out lqd-lp-animate-onhover border-radius-4 overflow-hidden text-start post-1 post type-post status-publish format-standard has-post-thumbnail hentry category-uncategorized\">\n<div class=\"lqd-lp-img overflow-hidden\">\n\n\t<figure><img decoding=\"async\" width=\"640\" height=\"364\" src=\"data:image\/svg+xml;charset=utf-8,%3Csvg xmlns%3D&#039;http%3A%2F%2Fwww.w3.org%2F2000%2Fsvg&#039; viewBox%3D&#039;0 0 640 364&#039;%2F%3E\" class=\"w-100 ld-lazyload wp-post-image\" alt=\"\" itemprop=\"image\" data-src=\"https:\/\/thirsty-hopper.138-201-195-225.plesk.page\/wp-content\/uploads\/2026\/04\/banner-2-1-1-640x364.jpg\" data-aspect=\"1.7582417582418\" \/><\/figure>\n\t<div class=\"lqd-lp-meta text-uppercase font-weight-bold pos-rel z-index-3\">\n\t\t<span class=\"screen-reader-text\">Tags <\/span><ul class=\"lqd-lp-cat lqd-lp-cat-shaped lqd-lp-cat-solid reset-ul inline-ul font-weight-bold text-uppercase ltr-sp-1\"><li><a class=\"border-radius-circle\" href=\"https:\/\/thirsty-hopper.138-201-195-225.plesk.page\/index.php\/category\/uncategorized\/\" rel=\"category\">Uncategorized<\/a><\/li><\/ul>\t<\/div>\n\n<\/div>\n\n<header class=\"lqd-lp-header pt-4 ps-3 pe-3 px-3\">\n\n\t<div class=\"lqd-lp-meta lqd-lp-meta-dot-between d-flex flex-wrap align-items-center\">\n\n\t\t<div class=\"lqd-lp-author pos-rel z-index-3\">\n\t\t\t<div class=\"lqd-lp-author-info\">\n\t\t\t\t<h3 class=\"mt-0 mb-0\"><a href=\"https:\/\/thirsty-hopper.138-201-195-225.plesk.page\/author\/support_bo2tvusi\/\">admin<\/a><\/h3>\n\t\t\t<\/div>\n\t\t<\/div>\n\n\t\t<time class=\"lqd-lp-date\" datetime=\"2026-04-08T13:31:37+00:00\">4 days ago<\/time>\n\t<\/div>\n\n\t<h2 class=\"entry-title lqd-lp-title mt-2 mb-0 h5\"><a  href=\"https:\/\/thirsty-hopper.138-201-195-225.plesk.page\/index.php\/2026\/04\/08\/hello-world-2\/\" rel=\"bookmark\">Hello world!<\/a><\/h2>\n<\/header>\n\n\t\t\t<div class=\"lqd-lp-excerpt pt-2 pb-4 ps-3 pe-3 px-3\">\n\t\t\t\t[&hellip;]\t\t\t<\/div>\n\t\t\n<a  href=\"https:\/\/thirsty-hopper.138-201-195-225.plesk.page\/index.php\/2026\/04\/08\/hello-world-2\/\" class=\"lqd-lp-overlay-link lqd-overlay lqd-cc-label-trigger z-index-2\" tab-index=\"-1\"><\/a><\/article><\/div><div class=\"lqd-lp-column d-flex flex-column col-md-4 col-sm-6 uncategorized lqd-f-1\"><article id=\"post-7958\" class=\"lqd-lp pos-rel lqd-lp lqd-lp-style-6 lqd-lp-style-6-alt lqd-lp-hover-img-zoom lqd-lp-hover-img-zoom-out lqd-lp-animate-onhover border-radius-4 overflow-hidden text-start post-7958 post type-post status-publish format-standard has-post-thumbnail hentry category-uncategorized\">\n<div class=\"lqd-lp-img overflow-hidden\">\n\n\t<figure><img decoding=\"async\" width=\"640\" height=\"364\" src=\"data:image\/svg+xml;charset=utf-8,%3Csvg xmlns%3D&#039;http%3A%2F%2Fwww.w3.org%2F2000%2Fsvg&#039; viewBox%3D&#039;0 0 640 364&#039;%2F%3E\" class=\"w-100 ld-lazyload wp-post-image\" alt=\"\" itemprop=\"image\" data-src=\"https:\/\/thirsty-hopper.138-201-195-225.plesk.page\/wp-content\/uploads\/2026\/04\/banner-4-1-1-640x364.jpg\" data-aspect=\"1.7582417582418\" \/><\/figure>\n\t<div class=\"lqd-lp-meta text-uppercase font-weight-bold pos-rel z-index-3\">\n\t\t<span class=\"screen-reader-text\">Tags <\/span><ul class=\"lqd-lp-cat lqd-lp-cat-shaped lqd-lp-cat-solid reset-ul inline-ul font-weight-bold text-uppercase ltr-sp-1\"><li><a class=\"border-radius-circle\" href=\"https:\/\/thirsty-hopper.138-201-195-225.plesk.page\/index.php\/category\/uncategorized\/\" rel=\"category\">Uncategorized<\/a><\/li><\/ul>\t<\/div>\n\n<\/div>\n\n<header class=\"lqd-lp-header pt-4 ps-3 pe-3 px-3\">\n\n\t<div class=\"lqd-lp-meta lqd-lp-meta-dot-between d-flex flex-wrap align-items-center\">\n\n\t\t<div class=\"lqd-lp-author pos-rel z-index-3\">\n\t\t\t<div class=\"lqd-lp-author-info\">\n\t\t\t\t<h3 class=\"mt-0 mb-0\"><a href=\"https:\/\/thirsty-hopper.138-201-195-225.plesk.page\/author\/support_bo2tvusi\/\">admin<\/a><\/h3>\n\t\t\t<\/div>\n\t\t<\/div>\n\n\t\t<time class=\"lqd-lp-date\" datetime=\"2022-10-19T11:45:34+00:00\">3 years ago<\/time>\n\t<\/div>\n\n\t<h2 class=\"entry-title lqd-lp-title mt-2 mb-0 h5\"><a  href=\"https:\/\/thirsty-hopper.138-201-195-225.plesk.page\/index.php\/2022\/10\/19\/hello-world\/\" rel=\"bookmark\">Hello world!<\/a><\/h2>\n<\/header>\n\n\t\t\t<div class=\"lqd-lp-excerpt pt-2 pb-4 ps-3 pe-3 px-3\">\n\t\t\t\t[&hellip;]\t\t\t<\/div>\n\t\t\n<a  href=\"https:\/\/thirsty-hopper.138-201-195-225.plesk.page\/index.php\/2022\/10\/19\/hello-world\/\" class=\"lqd-lp-overlay-link lqd-overlay lqd-cc-label-trigger z-index-2\" tab-index=\"-1\"><\/a><\/article><\/div><\/div><!--\/ .row --><div class=\"hidden liquid-pf-nav ld-pf-nav-ajax\"><div class=\"page-nav text-center\"><nav aria-label=\"Page navigation\"><a href=\"javascript:void(0)\" data-args=\"{&quot;action&quot;:&quot;liquid_get_ajax_posts&quot;,&quot;posts_per_page&quot;:&quot;10&quot;,&quot;term_classes&quot;:&quot;uncategorized lqd-f-1&quot;,&quot;style&quot;:&quot;style06-alt&quot;,&quot;show_meta&quot;:&quot;yes&quot;,&quot;meta_type&quot;:&quot;cats&quot;,&quot;one_category&quot;:&quot;yes&quot;,&quot;title_tag&quot;:&quot;h2&quot;,&quot;use_inheritance&quot;:&quot;&quot;,&quot;tag_to_inherite&quot;:null,&quot;grid_columns&quot;:&quot;3&quot;,&quot;enable_post_excerpt&quot;:&quot;yes&quot;,&quot;post_excerpt_length&quot;:&quot;&quot;,&quot;show_read_more_button&quot;:null,&quot;items_height&quot;:null}\" class=\"elementor-button btn ws-nowrap ld-ajax-loadmore ws-nowrap \"><span class=\"static d-block\">Load more<\/span><span class=\"loading d-block pos-abs\"><span class=\"dots d-block\"><span class=\"d-inline-block\"><\/span><span class=\"d-inline-block\"><\/span><span class=\"d-inline-block\"><\/span><\/span><span class=\"d-block mt-1\">Loading<\/span><\/span><span class=\"all-loaded d-block pos-abs\">All items loaded <svg width=\"32\" height=\"29\" xmlns=\"http:\/\/www.w3.org\/2000\/svg\" viewBox=\"0 0 32 29\" style=\"width: 1.5em; height: 1.5em; margin-inline-start: 0.5em;\"><path fill=\"currentColor\" d=\"M25.74 6.23c0.38 0.34 0.42 0.9 0.09 1.28l-12.77 14.58a0.91 0.91 0 0 1-1.33 0.04l-5.46-5.46a0.91 0.91 0 1 1 1.29-1.29l4.77 4.78 12.12-13.85a0.91 0.91 0 0 1 1.29-0.08z\"><\/path><\/svg><\/span><\/a><\/nav><\/div><\/div><\/div>\t\t\t\t\t<div class=\"lqd-lp-grid-inner\" style=\"display: none;\" data-id=\"15\">\n\t\t\t\t\t\t<div class=\"lqd-lp-row row pos-rel d-flex flex-wrap\"  data-masonry-options=\"{&quot;filtersID&quot;:&quot;#blog-filter-144261012&quot;,&quot;itemSelector&quot;:&quot;.lqd-lp-column&quot;,&quot;layoutMode&quot;:&quot;packery&quot;}\" data-new-liquid-masonry=\"true\"><\/div>\t\t\t\t\t<\/div>\n\t\t\t\t\t\t\t\t\t\t<div class=\"lqd-lp-grid-inner\" style=\"display: none;\" data-id=\"12\">\n\t\t\t\t\t\t<div class=\"lqd-lp-row row pos-rel d-flex flex-wrap\"  data-masonry-options=\"{&quot;filtersID&quot;:&quot;#blog-filter-144261012&quot;,&quot;itemSelector&quot;:&quot;.lqd-lp-column&quot;,&quot;layoutMode&quot;:&quot;packery&quot;}\" data-new-liquid-masonry=\"true\"><\/div>\t\t\t\t\t<\/div>\n\t\t\t\t\t\t\t\t\t\t<div class=\"lqd-lp-grid-inner\" style=\"display: none;\" data-id=\"16\">\n\t\t\t\t\t\t<div class=\"lqd-lp-row row pos-rel d-flex flex-wrap\"  data-masonry-options=\"{&quot;filtersID&quot;:&quot;#blog-filter-144261012&quot;,&quot;itemSelector&quot;:&quot;.lqd-lp-column&quot;,&quot;layoutMode&quot;:&quot;packery&quot;}\" data-new-liquid-masonry=\"true\"><\/div>\t\t\t\t\t<\/div>\n\t\t\t\t\t\t\t\t\t\t<div class=\"lqd-lp-grid-inner\" style=\"display: none;\" data-id=\"14\">\n\t\t\t\t\t\t<div class=\"lqd-lp-row row pos-rel d-flex flex-wrap\"  data-masonry-options=\"{&quot;filtersID&quot;:&quot;#blog-filter-144261012&quot;,&quot;itemSelector&quot;:&quot;.lqd-lp-column&quot;,&quot;layoutMode&quot;:&quot;packery&quot;}\" data-new-liquid-masonry=\"true\"><\/div>\t\t\t\t\t<\/div>\n\t\t\t\t\t\t\t\t\t\t<div class=\"lqd-lp-grid-inner\" style=\"display: none;\" data-id=\"13\">\n\t\t\t\t\t\t<div class=\"lqd-lp-row row pos-rel d-flex flex-wrap\"  data-masonry-options=\"{&quot;filtersID&quot;:&quot;#blog-filter-144261012&quot;,&quot;itemSelector&quot;:&quot;.lqd-lp-column&quot;,&quot;layoutMode&quot;:&quot;packery&quot;}\" data-new-liquid-masonry=\"true\"><\/div>\t\t\t\t\t<\/div>\n\t\t\t\t\t\t\t\t\t\t<div class=\"lqd-lp-grid-inner\" style=\"display: none;\" data-id=\"1\">\n\t\t\t\t\t\t<div class=\"lqd-lp-row row pos-rel d-flex flex-wrap\"  data-masonry-options=\"{&quot;filtersID&quot;:&quot;#blog-filter-144261012&quot;,&quot;itemSelector&quot;:&quot;.lqd-lp-column&quot;,&quot;layoutMode&quot;:&quot;packery&quot;}\" data-new-liquid-masonry=\"true\"><\/div>\t\t\t\t\t<\/div>\n\t\t\t\t\t<\/div>\t\t\t\t<\/div>\n\t\t\t\t<\/div>\n\t\t\t\t\t<\/div>\n\t\t\t\t<\/div>\n\t\t\t\t<\/div>\n\t\t","protected":false},"excerpt":{"rendered":"<p> [&hellip;]<\/p>\n","protected":false},"author":1,"featured_media":0,"parent":0,"menu_order":0,"comment_status":"closed","ping_status":"closed","template":"","meta":{"footnotes":""},"class_list":["post-8511","page","type-page","status-publish","hentry"],"_links":{"self":[{"href":"https:\/\/thirsty-hopper.138-201-195-225.plesk.page\/index.php\/wp-json\/wp\/v2\/pages\/8511","targetHints":{"allow":["GET"]}}],"collection":[{"href":"https:\/\/thirsty-hopper.138-201-195-225.plesk.page\/index.php\/wp-json\/wp\/v2\/pages"}],"about":[{"href":"https:\/\/thirsty-hopper.138-201-195-225.plesk.page\/index.php\/wp-json\/wp\/v2\/types\/page"}],"author":[{"embeddable":true,"href":"https:\/\/thirsty-hopper.138-201-195-225.plesk.page\/index.php\/wp-json\/wp\/v2\/users\/1"}],"replies":[{"embeddable":true,"href":"https:\/\/thirsty-hopper.138-201-195-225.plesk.page\/index.php\/wp-json\/wp\/v2\/comments?post=8511"}],"version-history":[{"count":19,"href":"https:\/\/thirsty-hopper.138-201-195-225.plesk.page\/index.php\/wp-json\/wp\/v2\/pages\/8511\/revisions"}],"predecessor-version":[{"id":8535,"href":"https:\/\/thirsty-hopper.138-201-195-225.plesk.page\/index.php\/wp-json\/wp\/v2\/pages\/8511\/revisions\/8535"}],"wp:attachment":[{"href":"https:\/\/thirsty-hopper.138-201-195-225.plesk.page\/index.php\/wp-json\/wp\/v2\/media?parent=8511"}],"curies":[{"name":"wp","href":"https:\/\/api.w.org\/{rel}","templated":true}]}}